{"id":9,"date":"2025-10-16T10:01:47","date_gmt":"2025-10-16T10:01:47","guid":{"rendered":"https:\/\/jinshinjyutsu-heilkunst.de\/?page_id=9"},"modified":"2025-10-16T13:56:18","modified_gmt":"2025-10-16T13:56:18","slug":"startseite","status":"publish","type":"page","link":"https:\/\/jinshinjyutsu-heilkunst.de\/","title":{"rendered":"Startseite"},"content":{"rendered":"\n<div class=\"wp-block-columns is-layout-flex wp-container-core-columns-is-layout-28f84493 wp-block-columns-is-layout-flex\">\n<div class=\"wp-block-column is-layout-flow wp-block-column-is-layout-flow\">\n<figure class=\"wp-block-image aligncenter size-full is-resized\"><img loading=\"lazy\" decoding=\"async\" width=\"142\" height=\"307\" src=\"https:\/\/jinshinjyutsu-heilkunst.de\/wp-content\/uploads\/2025\/10\/logo.jpg\" alt=\"\" class=\"wp-image-23\" style=\"width:178px;height:auto\"\/><\/figure>\n<\/div>\n\n\n\n<div class=\"wp-block-column is-layout-flow wp-block-column-is-layout-flow\">\n<h2 class=\"wp-block-heading has-text-align-left has-xx-large-font-size\" style=\"margin-right:0;margin-left:0;padding-right:0;padding-left:0\"><strong>Jin Shin Jyutsu<\/strong><\/h2>\n\n\n\n<p class=\"has-text-align-left\">ist eine japanische Heilkunst.<br>Im Zentrum steht die vitale Lebensenergie, die in ganz bestimmten Mustern durch unseren K\u00f6rper flie\u00dft.<br><br>Was wir unbewusst oft tun, wird im Jin Shin Jyutsu liebevoll<br>und wissend angewendet.<br><br>Wir l\u00f6sen Spannungen und Blockaden, indem wir unsere H\u00e4nde an ausgew\u00e4hlte Stellen auf unseren K\u00f6rper legen.<br><br>Damit \u00fcberbr\u00fccken wir die blockierten Bereiche und stellen den urspr\u00fcnglichen Fluss der Energie wieder her.<\/p>\n<\/div>\n<\/div>\n","protected":false},"excerpt":{"rendered":"<p>Jin Shin Jyutsu ist eine japanische Heilkunst.Im Zentrum steht die vitale Lebensenergie, die in ganz bestimmten Mustern durch unseren K\u00f6rper flie\u00dft. Was wir unbewusst oft tun, wird im Jin Shin Jyutsu liebevollund wissend angewendet. Wir l\u00f6sen Spannungen und Blockaden, indem wir unsere H\u00e4nde an ausgew\u00e4hlte Stellen auf unseren K\u00f6rper legen. Damit \u00fcberbr\u00fccken wir die blockierten [&hellip;]<\/p>\n","protected":false},"author":2,"featured_media":0,"parent":0,"menu_order":0,"comment_status":"closed","ping_status":"closed","template":"","meta":{"footnotes":""},"class_list":["post-9","page","type-page","status-publish","hentry"],"_links":{"self":[{"href":"https:\/\/jinshinjyutsu-heilkunst.de\/index.php?rest_route=\/wp\/v2\/pages\/9","targetHints":{"allow":["GET"]}}],"collection":[{"href":"https:\/\/jinshinjyutsu-heilkunst.de\/index.php?rest_route=\/wp\/v2\/pages"}],"about":[{"href":"https:\/\/jinshinjyutsu-heilkunst.de\/index.php?rest_route=\/wp\/v2\/types\/page"}],"author":[{"embeddable":true,"href":"https:\/\/jinshinjyutsu-heilkunst.de\/index.php?rest_route=\/wp\/v2\/users\/2"}],"replies":[{"embeddable":true,"href":"https:\/\/jinshinjyutsu-heilkunst.de\/index.php?rest_route=%2Fwp%2Fv2%2Fcomments&post=9"}],"version-history":[{"count":10,"href":"https:\/\/jinshinjyutsu-heilkunst.de\/index.php?rest_route=\/wp\/v2\/pages\/9\/revisions"}],"predecessor-version":[{"id":104,"href":"https:\/\/jinshinjyutsu-heilkunst.de\/index.php?rest_route=\/wp\/v2\/pages\/9\/revisions\/104"}],"wp:attachment":[{"href":"https:\/\/jinshinjyutsu-heilkunst.de\/index.php?rest_route=%2Fwp%2Fv2%2Fmedia&parent=9"}],"curies":[{"name":"wp","href":"https:\/\/api.w.org\/{rel}","templated":true}]}}