{"id":125,"date":"2025-10-26T21:41:41","date_gmt":"2025-10-26T21:41:41","guid":{"rendered":"https:\/\/jinshinjyutsu-heilkunst.de\/?page_id=125"},"modified":"2025-10-26T22:00:57","modified_gmt":"2025-10-26T22:00:57","slug":"uber-mich","status":"publish","type":"page","link":"https:\/\/jinshinjyutsu-heilkunst.de\/?page_id=125","title":{"rendered":"\u00dcber mich"},"content":{"rendered":"\n<ul class=\"wp-block-list\">\n<li>Geb. 1951 in Schleswig &#8211; Holstein<\/li>\n\n\n\n<li>Seit 1972 in Berlin Studium der Mathematik und Geographie Arbeit als Studienr\u00e4tin<\/li>\n\n\n\n<li>Seit 2003 Besch\u00e4ftigung mit und Ausbildung in Jin Shin Jyutsu,<br>Praktikerin und Selbsthilfelehrerin<\/li>\n\n\n\n<li>Fortbildung in gewaltfreier Kommunikation und Community Building<\/li>\n\n\n\n<li>Seit 2007 gebe ich auch Privatunterricht<br>in Mathematik<\/li>\n<\/ul>\n\n\n\n<h2 class=\"wp-block-heading\">Meine kreative Reise<\/h2>\n\n\n\n<p>Schon als Kind habe ich gerne gemalt und gestaltet.<br>Nach Beendigung meiner Referendar-Ausbildung begann<br>ich zun\u00e4chst mit dem Fotografieren.<br>Ich besuchte Kurse an der VHS Kreuzberg,<br>der Heimvolkshochschule Glienicke und der FH Potsdam<br>bzw. privat bei Sybille Hofmann und Ulla Haug.<br>Malen, Plastik und Installation belegte ich<br>an der Freien Kunstschule Berlin. Au\u00dferdem<br>vesuchte ich Sommerakademien in Berlin, Trier und Italien.<br>Seit 1986 nahm ich an diversen Gruppen-<br>und Einzelausstellungen teil.<\/p>\n\n\n\n<h2 class=\"wp-block-heading\">Gruppenausstellungen<\/h2>\n\n\n\n<p>1986 &nbsp;FRAUENM\u00c4RZ, Heimatmuseum Tempelhof<br>1988 &nbsp;GANZ NAH DRAN, VHS Kreuzberg<br>1993 &nbsp;LIGHTMARES, Galerie Katakombe im Quererhaus, Kreuzberg<br>2002 &nbsp;VOYEURE IN DER BADEWANNE Galerie Zebracode, Wedding<\/p>\n\n\n\n<h2 class=\"wp-block-heading\">Einzelaufstellungen<\/h2>\n\n\n\n<p>1994 &nbsp;UNDWENNDANNDOCH, Cafe&#8217; Esskapade, Wedding<br>1999 &nbsp;AM ANFANG DIE W\u00dcSTE, Cafe&#8217; TTT, Sch\u00f6neberg<br>2007 G\u00c4STE AUS DER MUNKULEI Galerie Plus, Charlottenburg<\/p>\n\n\n\n<figure class=\"wp-block-gallery has-nested-images columns-default is-cropped wp-block-gallery-1 is-layout-flex wp-block-gallery-is-layout-flex\">\n<figure class=\"wp-block-image size-large\"><img loading=\"lazy\" decoding=\"async\" width=\"143\" height=\"241\" data-id=\"139\" src=\"https:\/\/jinshinjyutsu-heilkunst.de\/wp-content\/uploads\/2025\/10\/ichk.jpg\" alt=\"\" class=\"wp-image-139\"\/><\/figure>\n\n\n\n<figure class=\"wp-block-image size-large\"><img loading=\"lazy\" decoding=\"async\" width=\"166\" height=\"241\" data-id=\"147\" src=\"https:\/\/jinshinjyutsu-heilkunst.de\/wp-content\/uploads\/2025\/10\/sofa.jpg\" alt=\"\" class=\"wp-image-147\"\/><\/figure>\n\n\n\n<figure class=\"wp-block-image size-large\"><img loading=\"lazy\" decoding=\"async\" width=\"152\" height=\"241\" data-id=\"144\" src=\"https:\/\/jinshinjyutsu-heilkunst.de\/wp-content\/uploads\/2025\/10\/italien.jpg\" alt=\"\" class=\"wp-image-144\"\/><\/figure>\n\n\n\n<figure class=\"wp-block-image size-large\"><img loading=\"lazy\" decoding=\"async\" width=\"152\" height=\"241\" data-id=\"138\" src=\"https:\/\/jinshinjyutsu-heilkunst.de\/wp-content\/uploads\/2025\/10\/fotogr.jpg\" alt=\"\" class=\"wp-image-138\"\/><\/figure>\n<\/figure>\n","protected":false},"excerpt":{"rendered":"<p>Meine kreative Reise Schon als Kind habe ich gerne gemalt und gestaltet.Nach Beendigung meiner Referendar-Ausbildung begannich zun\u00e4chst mit dem Fotografieren.Ich besuchte Kurse an der VHS Kreuzberg,der Heimvolkshochschule Glienicke und der FH Potsdambzw. privat bei Sybille Hofmann und Ulla Haug.Malen, Plastik und Installation belegte ichan der Freien Kunstschule Berlin. Au\u00dferdemvesuchte ich Sommerakademien in Berlin, Trier und [&hellip;]<\/p>\n","protected":false},"author":2,"featured_media":0,"parent":0,"menu_order":0,"comment_status":"closed","ping_status":"closed","template":"","meta":{"footnotes":""},"class_list":["post-125","page","type-page","status-publish","hentry"],"_links":{"self":[{"href":"https:\/\/jinshinjyutsu-heilkunst.de\/index.php?rest_route=\/wp\/v2\/pages\/125","targetHints":{"allow":["GET"]}}],"collection":[{"href":"https:\/\/jinshinjyutsu-heilkunst.de\/index.php?rest_route=\/wp\/v2\/pages"}],"about":[{"href":"https:\/\/jinshinjyutsu-heilkunst.de\/index.php?rest_route=\/wp\/v2\/types\/page"}],"author":[{"embeddable":true,"href":"https:\/\/jinshinjyutsu-heilkunst.de\/index.php?rest_route=\/wp\/v2\/users\/2"}],"replies":[{"embeddable":true,"href":"https:\/\/jinshinjyutsu-heilkunst.de\/index.php?rest_route=%2Fwp%2Fv2%2Fcomments&post=125"}],"version-history":[{"count":5,"href":"https:\/\/jinshinjyutsu-heilkunst.de\/index.php?rest_route=\/wp\/v2\/pages\/125\/revisions"}],"predecessor-version":[{"id":149,"href":"https:\/\/jinshinjyutsu-heilkunst.de\/index.php?rest_route=\/wp\/v2\/pages\/125\/revisions\/149"}],"wp:attachment":[{"href":"https:\/\/jinshinjyutsu-heilkunst.de\/index.php?rest_route=%2Fwp%2Fv2%2Fmedia&parent=125"}],"curies":[{"name":"wp","href":"https:\/\/api.w.org\/{rel}","templated":true}]}}