{"id":111,"date":"2025-10-17T10:50:21","date_gmt":"2025-10-17T10:50:21","guid":{"rendered":"https:\/\/jinshinjyutsu-heilkunst.de\/?page_id=111"},"modified":"2025-10-17T10:51:00","modified_gmt":"2025-10-17T10:51:00","slug":"impressum","status":"publish","type":"page","link":"https:\/\/jinshinjyutsu-heilkunst.de\/?page_id=111","title":{"rendered":"Impressum"},"content":{"rendered":"\n<p>Ingrid Veit<br>Jin Shin Jyutsu Praktikerin<br>in 14197 Berlin<br><br><em>Tel. +49 30 784 383 6 <\/em><\/p>\n\n\n\n<p><strong>E-Mail:<\/strong><br><a href=\"mailto:mail@test.de?subject=Impressum\">ingrid.veit@gmx.net<\/a><\/p>\n\n\n\n<p><strong>Verantwortlich f\u00fcr den Inhalt dieser Webseite:<\/strong><br>Ingrid Veit<br><br><strong>Copyright:<\/strong><br>Alle Fotos, alle Texte und das Design stehen unter dem Copyright des Webseitenbetreibers, wenn nicht anders ausgewiesen. Die Weiterverwendung bedarf meiner Zustimmung.<\/p>\n\n\n\n<p><strong>Widerspruch Werbe-Mails:<\/strong><br>Der Nutzung von im Rahmen der Impressumspflicht ver\u00f6ffentlichten Kontaktdaten zur \u00dcbersendung von nicht ausdr\u00fccklich angeforderter Werbung und Informationsmaterialien wird hiermit widersprochen. Die Betreiber der Seiten behalten sich ausdr\u00fccklich rechtliche Schritte im Falle der unverlangten Zusendung von Werbeinformationen, etwa durch Spam-E-Mails, vor.<\/p>\n","protected":false},"excerpt":{"rendered":"<p>Ingrid VeitJin Shin Jyutsu Praktikerinin 14197 Berlin Tel. +49 30 784 383 6 E-Mail:ingrid.veit@gmx.net Verantwortlich f\u00fcr den Inhalt dieser Webseite:Ingrid Veit Copyright:Alle Fotos, alle Texte und das Design stehen unter dem Copyright des Webseitenbetreibers, wenn nicht anders ausgewiesen. Die Weiterverwendung bedarf meiner Zustimmung. Widerspruch Werbe-Mails:Der Nutzung von im Rahmen der Impressumspflicht ver\u00f6ffentlichten Kontaktdaten zur \u00dcbersendung [&hellip;]<\/p>\n","protected":false},"author":2,"featured_media":0,"parent":0,"menu_order":6,"comment_status":"closed","ping_status":"closed","template":"","meta":{"footnotes":""},"class_list":["post-111","page","type-page","status-publish","hentry"],"_links":{"self":[{"href":"https:\/\/jinshinjyutsu-heilkunst.de\/index.php?rest_route=\/wp\/v2\/pages\/111","targetHints":{"allow":["GET"]}}],"collection":[{"href":"https:\/\/jinshinjyutsu-heilkunst.de\/index.php?rest_route=\/wp\/v2\/pages"}],"about":[{"href":"https:\/\/jinshinjyutsu-heilkunst.de\/index.php?rest_route=\/wp\/v2\/types\/page"}],"author":[{"embeddable":true,"href":"https:\/\/jinshinjyutsu-heilkunst.de\/index.php?rest_route=\/wp\/v2\/users\/2"}],"replies":[{"embeddable":true,"href":"https:\/\/jinshinjyutsu-heilkunst.de\/index.php?rest_route=%2Fwp%2Fv2%2Fcomments&post=111"}],"version-history":[{"count":1,"href":"https:\/\/jinshinjyutsu-heilkunst.de\/index.php?rest_route=\/wp\/v2\/pages\/111\/revisions"}],"predecessor-version":[{"id":112,"href":"https:\/\/jinshinjyutsu-heilkunst.de\/index.php?rest_route=\/wp\/v2\/pages\/111\/revisions\/112"}],"wp:attachment":[{"href":"https:\/\/jinshinjyutsu-heilkunst.de\/index.php?rest_route=%2Fwp%2Fv2%2Fmedia&parent=111"}],"curies":[{"name":"wp","href":"https:\/\/api.w.org\/{rel}","templated":true}]}}